{"id":203,"date":"2019-08-23T08:33:17","date_gmt":"2019-08-23T06:33:17","guid":{"rendered":"http:\/\/wordpress.einfach-katholisch.at\/?page_id=203"},"modified":"2019-08-23T08:37:57","modified_gmt":"2019-08-23T06:37:57","slug":"fotos-rund-um-die-liturgie","status":"publish","type":"page","link":"http:\/\/wordpress.einfach-katholisch.at\/?page_id=203","title":{"rendered":"Fotos: Rund um die Liturgie"},"content":{"rendered":"\n<p class=\"has-small-font-size\"> Alle Fotos mit freundlicher Genehmigung der Urheber: Karl Grassmugg  (KG), www.kgr.at, Dominik Stoppacher (DS), www.fotografie-dst.at\/,  Privatbestand Fam. Wessely (FW). F\u00fcr alle Abbildungen gilt: Jede weitere  Verwendung ist grunds\u00e4tzlich untersagt und bedarf der schriftlichen  Zustimmung der Urheber. <\/p>\n\n\n\n<ul class=\"wp-block-gallery columns-3 is-cropped\"><li class=\"blocks-gallery-item\"><figure><img loading=\"lazy\" width=\"701\" height=\"1024\" src=\"http:\/\/wordpress.einfach-katholisch.at\/wp-content\/uploads\/2019\/08\/monstranz-701x1024.jpg\" alt=\"\" data-id=\"168\" data-link=\"http:\/\/wordpress.einfach-katholisch.at\/?attachment_id=168\" class=\"wp-image-168\" srcset=\"http:\/\/wordpress.einfach-katholisch.at\/wp-content\/uploads\/2019\/08\/monstranz-701x1024.jpg 701w, http:\/\/wordpress.einfach-katholisch.at\/wp-content\/uploads\/2019\/08\/monstranz-205x300.jpg 205w, http:\/\/wordpress.einfach-katholisch.at\/wp-content\/uploads\/2019\/08\/monstranz-768x1122.jpg 768w, http:\/\/wordpress.einfach-katholisch.at\/wp-content\/uploads\/2019\/08\/monstranz.jpg 800w\" sizes=\"(max-width: 701px) 100vw, 701px\" \/><figcaption>Barocke Monstranz (KG)<\/figcaption><\/figure><\/li><li class=\"blocks-gallery-item\"><figure><img loading=\"lazy\" width=\"174\" height=\"212\" src=\"http:\/\/wordpress.einfach-katholisch.at\/wp-content\/uploads\/2019\/08\/wp8d4f1dac_05_06.jpg\" alt=\"\" data-id=\"67\" data-link=\"http:\/\/wordpress.einfach-katholisch.at\/?attachment_id=67\" class=\"wp-image-67\"\/><figcaption>Fronleichnamsprozession mit Flursegnung (FW)<\/figcaption><\/figure><\/li><li class=\"blocks-gallery-item\"><figure><img loading=\"lazy\" width=\"205\" height=\"143\" src=\"http:\/\/wordpress.einfach-katholisch.at\/wp-content\/uploads\/2019\/08\/wp7c9fbbc4_05_06.jpg\" alt=\"\" data-id=\"66\" data-link=\"http:\/\/wordpress.einfach-katholisch.at\/?attachment_id=66\" class=\"wp-image-66\"\/><figcaption>Station der Fronleichnamsprozession (KG)<\/figcaption><\/figure><\/li><\/ul>\n\n\n\n<p>Die Monstranz (von lat. <em>monstrare<\/em>, herzeigen) gibt dem Leib des Herrn Jesus Christus einen entsprechenden Rahmen. Sie wird bei besonderen Anl\u00e4ssen verwendet, wenn dieser (&#8222;das Allerheiligste&#8220;) \u00f6ffentlich gezeigt oder in einer Prozession umhergetragen wird.  Der Baldachin (&#8222;Himmel&#8220;) sch\u00fctzt weniger den Priester als die Monstranz mit dem Leib Christi.<\/p>\n\n\n\n<ul class=\"wp-block-gallery columns-3 is-cropped\"><li class=\"blocks-gallery-item\"><figure><img loading=\"lazy\" width=\"147\" height=\"220\" src=\"http:\/\/wordpress.einfach-katholisch.at\/wp-content\/uploads\/2019\/08\/wp20a9bcc9_05_06.jpg\" alt=\"\" data-id=\"71\" data-link=\"http:\/\/wordpress.einfach-katholisch.at\/?attachment_id=71\" class=\"wp-image-71\"\/><figcaption>Erntekrone (KG)<\/figcaption><\/figure><\/li><li class=\"blocks-gallery-item\"><figure><img loading=\"lazy\" width=\"1024\" height=\"768\" src=\"http:\/\/wordpress.einfach-katholisch.at\/wp-content\/uploads\/2019\/08\/IMG_0504-1024x768.jpg\" alt=\"\" data-id=\"160\" data-link=\"http:\/\/wordpress.einfach-katholisch.at\/?attachment_id=160\" class=\"wp-image-160\" srcset=\"http:\/\/wordpress.einfach-katholisch.at\/wp-content\/uploads\/2019\/08\/IMG_0504-1024x768.jpg 1024w, http:\/\/wordpress.einfach-katholisch.at\/wp-content\/uploads\/2019\/08\/IMG_0504-300x225.jpg 300w, http:\/\/wordpress.einfach-katholisch.at\/wp-content\/uploads\/2019\/08\/IMG_0504-768x576.jpg 768w, http:\/\/wordpress.einfach-katholisch.at\/wp-content\/uploads\/2019\/08\/IMG_0504-1736x1302.jpg 1736w, http:\/\/wordpress.einfach-katholisch.at\/wp-content\/uploads\/2019\/08\/IMG_0504.jpg 2048w\" sizes=\"(max-width: 1024px) 100vw, 1024px\" \/><figcaption>Reich geschm\u00fccker Erntewagen (KG)<\/figcaption><\/figure><\/li><li class=\"blocks-gallery-item\"><figure><img loading=\"lazy\" width=\"204\" height=\"136\" src=\"http:\/\/wordpress.einfach-katholisch.at\/wp-content\/uploads\/2019\/08\/wp47b9b5f0_05_06.jpg\" alt=\"\" data-id=\"75\" data-link=\"http:\/\/wordpress.einfach-katholisch.at\/?attachment_id=75\" class=\"wp-image-75\"\/><figcaption>Doxologie am Ende des Hochgebetes (der Diakon erhebt den Kelch, der Priester die Patene) (KG)<\/figcaption><\/figure><\/li><\/ul>\n\n\n\n<p>Das Erntedankfest schlie\u00dft mit gro\u00dfer Farbenpracht den nat\u00fcrlichen Zyklus der Sch\u00f6pfung aus Saat und Ernte, Werden und Vergehen. <\/p>\n\n\n\n<p><\/p>\n","protected":false},"excerpt":{"rendered":"<p>Alle Fotos mit freundlicher Genehmigung der Urheber: Karl Grassmugg (KG), www.kgr.at, Dominik Stoppacher (DS), www.fotografie-dst.at\/, Privatbestand Fam. Wessely (FW). F\u00fcr alle Abbildungen gilt: Jede weitere Verwendung ist grunds\u00e4tzlich untersagt und bedarf der schriftlichen Zustimmung der Urheber. Die Monstranz (von lat. monstrare, herzeigen) gibt dem Leib des Herrn Jesus Christus einen entsprechenden Rahmen. Sie wird bei&hellip; <a href=\"http:\/\/wordpress.einfach-katholisch.at\/?page_id=203\" class=\"more-link\">Weiterlesen <span class=\"screen-reader-text\">Fotos: Rund um die Liturgie<\/span><\/a><\/p>\n","protected":false},"author":1,"featured_media":0,"parent":0,"menu_order":0,"comment_status":"closed","ping_status":"closed","template":"","meta":[],"_links":{"self":[{"href":"http:\/\/wordpress.einfach-katholisch.at\/index.php?rest_route=\/wp\/v2\/pages\/203"}],"collection":[{"href":"http:\/\/wordpress.einfach-katholisch.at\/index.php?rest_route=\/wp\/v2\/pages"}],"about":[{"href":"http:\/\/wordpress.einfach-katholisch.at\/index.php?rest_route=\/wp\/v2\/types\/page"}],"author":[{"embeddable":true,"href":"http:\/\/wordpress.einfach-katholisch.at\/index.php?rest_route=\/wp\/v2\/users\/1"}],"replies":[{"embeddable":true,"href":"http:\/\/wordpress.einfach-katholisch.at\/index.php?rest_route=%2Fwp%2Fv2%2Fcomments&post=203"}],"version-history":[{"count":3,"href":"http:\/\/wordpress.einfach-katholisch.at\/index.php?rest_route=\/wp\/v2\/pages\/203\/revisions"}],"predecessor-version":[{"id":206,"href":"http:\/\/wordpress.einfach-katholisch.at\/index.php?rest_route=\/wp\/v2\/pages\/203\/revisions\/206"}],"wp:attachment":[{"href":"http:\/\/wordpress.einfach-katholisch.at\/index.php?rest_route=%2Fwp%2Fv2%2Fmedia&parent=203"}],"curies":[{"name":"wp","href":"https:\/\/api.w.org\/{rel}","templated":true}]}}