{"id":201,"date":"2019-08-23T08:25:49","date_gmt":"2019-08-23T06:25:49","guid":{"rendered":"http:\/\/wordpress.einfach-katholisch.at\/?page_id=201"},"modified":"2019-08-23T08:25:49","modified_gmt":"2019-08-23T06:25:49","slug":"fotos-liturgische-feiern","status":"publish","type":"page","link":"http:\/\/wordpress.einfach-katholisch.at\/?page_id=201","title":{"rendered":"Fotos: Liturgische Feiern"},"content":{"rendered":"\n<p class=\"has-small-font-size\">Alle Fotos mit freundlicher Genehmigung der Urheber: Karl Grassmugg (KG), www.kgr.at, Dominik Stoppacher (DS), www.fotografie-dst.at\/, Privatbestand Fam. Wessely (FW). F\u00fcr alle Abbildungen gilt: Jede weitere Verwendung ist grunds\u00e4tzlich untersagt und bedarf der schriftlichen Zustimmung der Urheber.<\/p>\n\n\n\n<ul class=\"wp-block-gallery columns-3 is-cropped\"><li class=\"blocks-gallery-item\"><figure><img loading=\"lazy\" width=\"684\" height=\"1024\" src=\"http:\/\/wordpress.einfach-katholisch.at\/wp-content\/uploads\/2019\/08\/firmung_2016-684x1024.jpg\" alt=\"\" data-id=\"155\" data-link=\"http:\/\/wordpress.einfach-katholisch.at\/?attachment_id=155\" class=\"wp-image-155\" srcset=\"http:\/\/wordpress.einfach-katholisch.at\/wp-content\/uploads\/2019\/08\/firmung_2016-684x1024.jpg 684w, http:\/\/wordpress.einfach-katholisch.at\/wp-content\/uploads\/2019\/08\/firmung_2016-200x300.jpg 200w, http:\/\/wordpress.einfach-katholisch.at\/wp-content\/uploads\/2019\/08\/firmung_2016-768x1151.jpg 768w, http:\/\/wordpress.einfach-katholisch.at\/wp-content\/uploads\/2019\/08\/firmung_2016.jpg 1367w\" sizes=\"(max-width: 684px) 100vw, 684px\" \/><figcaption>Akolyth und zwei Priester in der liturgischen Farbe Rot (Pfingsten \/ Firmspendung) (DS)<\/figcaption><\/figure><\/li><li class=\"blocks-gallery-item\"><figure><img loading=\"lazy\" width=\"1024\" height=\"681\" src=\"http:\/\/wordpress.einfach-katholisch.at\/wp-content\/uploads\/2019\/08\/PICT4167-1024x681.jpg\" alt=\"\" data-id=\"158\" data-link=\"http:\/\/wordpress.einfach-katholisch.at\/?attachment_id=158\" class=\"wp-image-158\" srcset=\"http:\/\/wordpress.einfach-katholisch.at\/wp-content\/uploads\/2019\/08\/PICT4167-1024x681.jpg 1024w, http:\/\/wordpress.einfach-katholisch.at\/wp-content\/uploads\/2019\/08\/PICT4167-300x199.jpg 300w, http:\/\/wordpress.einfach-katholisch.at\/wp-content\/uploads\/2019\/08\/PICT4167-768x510.jpg 768w, http:\/\/wordpress.einfach-katholisch.at\/wp-content\/uploads\/2019\/08\/PICT4167.jpg 1181w\" sizes=\"(max-width: 1024px) 100vw, 1024px\" \/><figcaption>Papst mit Mitra, Messgewand und Pallium (KG)<\/figcaption><\/figure><\/li><li class=\"blocks-gallery-item\"><figure><img loading=\"lazy\" width=\"332\" height=\"483\" src=\"http:\/\/wordpress.einfach-katholisch.at\/wp-content\/uploads\/2019\/08\/ev_detail.jpg\" alt=\"\" data-id=\"159\" data-link=\"http:\/\/wordpress.einfach-katholisch.at\/?attachment_id=159\" class=\"wp-image-159\" srcset=\"http:\/\/wordpress.einfach-katholisch.at\/wp-content\/uploads\/2019\/08\/ev_detail.jpg 332w, http:\/\/wordpress.einfach-katholisch.at\/wp-content\/uploads\/2019\/08\/ev_detail-206x300.jpg 206w\" sizes=\"(max-width: 332px) 100vw, 332px\" \/><figcaption>Diakon beim Verlesen des Evangeliums (KG)<\/figcaption><\/figure><\/li><\/ul>\n\n\n\n<p>Die Alba repr\u00e4sentiert das Taufkleid. Die Stola tr\u00e4gt der Bischof oder der Priester parallel (li.), der Diakon dia<s>k<\/s>gonal (re.). Der Erzbischof oder der Papst tragen das Pallium (m.). Der Papst tr\u00e4gt hier auch eine Mitra, da er zugleich Bischof von Rom ist.<\/p>\n\n\n\n<ul class=\"wp-block-gallery columns-3 is-cropped\"><li class=\"blocks-gallery-item\"><figure><img loading=\"lazy\" width=\"716\" height=\"1024\" src=\"http:\/\/wordpress.einfach-katholisch.at\/wp-content\/uploads\/2019\/08\/DSC6328-716x1024.jpg\" alt=\"\" data-id=\"173\" data-link=\"http:\/\/wordpress.einfach-katholisch.at\/?attachment_id=173\" class=\"wp-image-173\" srcset=\"http:\/\/wordpress.einfach-katholisch.at\/wp-content\/uploads\/2019\/08\/DSC6328-716x1024.jpg 716w, http:\/\/wordpress.einfach-katholisch.at\/wp-content\/uploads\/2019\/08\/DSC6328-210x300.jpg 210w, http:\/\/wordpress.einfach-katholisch.at\/wp-content\/uploads\/2019\/08\/DSC6328-768x1098.jpg 768w, http:\/\/wordpress.einfach-katholisch.at\/wp-content\/uploads\/2019\/08\/DSC6328.jpg 800w\" sizes=\"(max-width: 716px) 100vw, 716px\" \/><figcaption>Alba, Kasel und Stola (KG)<\/figcaption><\/figure><\/li><li class=\"blocks-gallery-item\"><figure><img loading=\"lazy\" width=\"683\" height=\"1024\" src=\"http:\/\/wordpress.einfach-katholisch.at\/wp-content\/uploads\/2019\/08\/DSC03208-683x1024.jpg\" alt=\"\" data-id=\"163\" data-link=\"http:\/\/wordpress.einfach-katholisch.at\/?attachment_id=163\" class=\"wp-image-163\" srcset=\"http:\/\/wordpress.einfach-katholisch.at\/wp-content\/uploads\/2019\/08\/DSC03208-683x1024.jpg 683w, http:\/\/wordpress.einfach-katholisch.at\/wp-content\/uploads\/2019\/08\/DSC03208-200x300.jpg 200w, http:\/\/wordpress.einfach-katholisch.at\/wp-content\/uploads\/2019\/08\/DSC03208-768x1152.jpg 768w, http:\/\/wordpress.einfach-katholisch.at\/wp-content\/uploads\/2019\/08\/DSC03208.jpg 800w\" sizes=\"(max-width: 683px) 100vw, 683px\" \/><figcaption>Alba, Kasel und Stola (KG)<\/figcaption><\/figure><\/li><li class=\"blocks-gallery-item\"><figure><img loading=\"lazy\" width=\"800\" height=\"533\" src=\"http:\/\/wordpress.einfach-katholisch.at\/wp-content\/uploads\/2019\/08\/DSC03253.jpg\" alt=\"\" data-id=\"167\" data-link=\"http:\/\/wordpress.einfach-katholisch.at\/?attachment_id=167\" class=\"wp-image-167\" srcset=\"http:\/\/wordpress.einfach-katholisch.at\/wp-content\/uploads\/2019\/08\/DSC03253.jpg 800w, http:\/\/wordpress.einfach-katholisch.at\/wp-content\/uploads\/2019\/08\/DSC03253-300x200.jpg 300w, http:\/\/wordpress.einfach-katholisch.at\/wp-content\/uploads\/2019\/08\/DSC03253-768x512.jpg 768w\" sizes=\"(max-width: 800px) 100vw, 800px\" \/><figcaption>Gr\u00fcne barocke Kasel (Detail) (KG)<\/figcaption><\/figure><\/li><\/ul>\n\n\n\n<p>Viele Teile der liturgischen Kleidung stammen aus der kaiserlichen Hoftradition in Rom und Byzanz. Sie haben sich im Laufe der Zeit in Gr\u00f6\u00dfe und Funktion ver\u00e4ndert, sind aber noch gut erkennbar. Liturgische Gew\u00e4nder (auch: &#8222;Paramente&#8220;) von vor 1970 sind \u00fcblicherweise auf der R\u00fcckseite pr\u00e4chtiger ausgestattet als vorne, weil der Zelebrant bis zur Liturgiereform im Gefolge des II. Vatikanums mit dem R\u00fccken zum Volk zelebrierte.<\/p>\n\n\n\n<ul class=\"wp-block-gallery columns-3 is-cropped\"><li class=\"blocks-gallery-item\"><figure><img loading=\"lazy\" width=\"800\" height=\"718\" src=\"http:\/\/wordpress.einfach-katholisch.at\/wp-content\/uploads\/2019\/08\/DSC03234.jpg\" alt=\"\" data-id=\"166\" data-link=\"http:\/\/wordpress.einfach-katholisch.at\/?attachment_id=166\" class=\"wp-image-166\" srcset=\"http:\/\/wordpress.einfach-katholisch.at\/wp-content\/uploads\/2019\/08\/DSC03234.jpg 800w, http:\/\/wordpress.einfach-katholisch.at\/wp-content\/uploads\/2019\/08\/DSC03234-300x269.jpg 300w, http:\/\/wordpress.einfach-katholisch.at\/wp-content\/uploads\/2019\/08\/DSC03234-768x689.jpg 768w\" sizes=\"(max-width: 800px) 100vw, 800px\" \/><figcaption>Dalmatik (R\u00fcckseite) (KG)<\/figcaption><\/figure><\/li><li class=\"blocks-gallery-item\"><figure><img loading=\"lazy\" width=\"800\" height=\"752\" src=\"http:\/\/wordpress.einfach-katholisch.at\/wp-content\/uploads\/2019\/08\/DSC03229.jpg\" alt=\"\" data-id=\"165\" data-link=\"http:\/\/wordpress.einfach-katholisch.at\/?attachment_id=165\" class=\"wp-image-165\" srcset=\"http:\/\/wordpress.einfach-katholisch.at\/wp-content\/uploads\/2019\/08\/DSC03229.jpg 800w, http:\/\/wordpress.einfach-katholisch.at\/wp-content\/uploads\/2019\/08\/DSC03229-300x282.jpg 300w, http:\/\/wordpress.einfach-katholisch.at\/wp-content\/uploads\/2019\/08\/DSC03229-768x722.jpg 768w\" sizes=\"(max-width: 800px) 100vw, 800px\" \/><figcaption>Dalmatik (Vorderseite) (KG)<\/figcaption><\/figure><\/li><li class=\"blocks-gallery-item\"><figure><img loading=\"lazy\" width=\"664\" height=\"1024\" src=\"http:\/\/wordpress.einfach-katholisch.at\/wp-content\/uploads\/2019\/08\/DSC6295-664x1024.jpg\" alt=\"\" data-id=\"169\" data-link=\"http:\/\/wordpress.einfach-katholisch.at\/?attachment_id=169\" class=\"wp-image-169\" srcset=\"http:\/\/wordpress.einfach-katholisch.at\/wp-content\/uploads\/2019\/08\/DSC6295-664x1024.jpg 664w, http:\/\/wordpress.einfach-katholisch.at\/wp-content\/uploads\/2019\/08\/DSC6295-195x300.jpg 195w, http:\/\/wordpress.einfach-katholisch.at\/wp-content\/uploads\/2019\/08\/DSC6295-768x1184.jpg 768w, http:\/\/wordpress.einfach-katholisch.at\/wp-content\/uploads\/2019\/08\/DSC6295.jpg 800w\" sizes=\"(max-width: 664px) 100vw, 664px\" \/><figcaption>Vespermantel (Vorderseite) (KG)<\/figcaption><\/figure><\/li><li class=\"blocks-gallery-item\"><figure><img loading=\"lazy\" width=\"800\" height=\"811\" src=\"http:\/\/wordpress.einfach-katholisch.at\/wp-content\/uploads\/2019\/08\/DSC6351.jpg\" alt=\"\" data-id=\"176\" data-link=\"http:\/\/wordpress.einfach-katholisch.at\/?attachment_id=176\" class=\"wp-image-176\" srcset=\"http:\/\/wordpress.einfach-katholisch.at\/wp-content\/uploads\/2019\/08\/DSC6351.jpg 800w, http:\/\/wordpress.einfach-katholisch.at\/wp-content\/uploads\/2019\/08\/DSC6351-296x300.jpg 296w, http:\/\/wordpress.einfach-katholisch.at\/wp-content\/uploads\/2019\/08\/DSC6351-768x779.jpg 768w\" sizes=\"(max-width: 800px) 100vw, 800px\" \/><figcaption>Kasel in Gold (Detail) (KG)<\/figcaption><\/figure><\/li><li class=\"blocks-gallery-item\"><figure><img loading=\"lazy\" width=\"800\" height=\"533\" src=\"http:\/\/wordpress.einfach-katholisch.at\/wp-content\/uploads\/2019\/08\/DSC6310.jpg\" alt=\"\" data-id=\"171\" data-link=\"http:\/\/wordpress.einfach-katholisch.at\/?attachment_id=171\" class=\"wp-image-171\" srcset=\"http:\/\/wordpress.einfach-katholisch.at\/wp-content\/uploads\/2019\/08\/DSC6310.jpg 800w, http:\/\/wordpress.einfach-katholisch.at\/wp-content\/uploads\/2019\/08\/DSC6310-300x200.jpg 300w, http:\/\/wordpress.einfach-katholisch.at\/wp-content\/uploads\/2019\/08\/DSC6310-768x512.jpg 768w\" sizes=\"(max-width: 800px) 100vw, 800px\" \/><figcaption>Schlie\u00dfe des Vespermantels (KG)<\/figcaption><\/figure><\/li><li class=\"blocks-gallery-item\"><figure><img loading=\"lazy\" width=\"800\" height=\"533\" src=\"http:\/\/wordpress.einfach-katholisch.at\/wp-content\/uploads\/2019\/08\/DSC03225.jpg\" alt=\"\" data-id=\"164\" data-link=\"http:\/\/wordpress.einfach-katholisch.at\/?attachment_id=164\" class=\"wp-image-164\" srcset=\"http:\/\/wordpress.einfach-katholisch.at\/wp-content\/uploads\/2019\/08\/DSC03225.jpg 800w, http:\/\/wordpress.einfach-katholisch.at\/wp-content\/uploads\/2019\/08\/DSC03225-300x200.jpg 300w, http:\/\/wordpress.einfach-katholisch.at\/wp-content\/uploads\/2019\/08\/DSC03225-768x512.jpg 768w\" sizes=\"(max-width: 800px) 100vw, 800px\" \/><figcaption>Kasel in rot (Detail, R\u00fcckseite) (KG)<\/figcaption><\/figure><\/li><\/ul>\n\n\n\n<p>Die Dalmatik ist die &#8222;Amtskleidung&#8220; des Diakons in der feierlichen Liturgie. Der Vespermantel wird vom Zelebranten beim Verlassen der Kirche getragen.<\/p>\n","protected":false},"excerpt":{"rendered":"<p>Alle Fotos mit freundlicher Genehmigung der Urheber: Karl Grassmugg (KG), www.kgr.at, Dominik Stoppacher (DS), www.fotografie-dst.at\/, Privatbestand Fam. Wessely (FW). F\u00fcr alle Abbildungen gilt: Jede weitere Verwendung ist grunds\u00e4tzlich untersagt und bedarf der schriftlichen Zustimmung der Urheber. Die Alba repr\u00e4sentiert das Taufkleid. Die Stola tr\u00e4gt der Bischof oder der Priester parallel (li.), der Diakon diakgonal (re.).&hellip; <a href=\"http:\/\/wordpress.einfach-katholisch.at\/?page_id=201\" class=\"more-link\">Weiterlesen <span class=\"screen-reader-text\">Fotos: Liturgische Feiern<\/span><\/a><\/p>\n","protected":false},"author":1,"featured_media":0,"parent":0,"menu_order":0,"comment_status":"closed","ping_status":"closed","template":"","meta":[],"_links":{"self":[{"href":"http:\/\/wordpress.einfach-katholisch.at\/index.php?rest_route=\/wp\/v2\/pages\/201"}],"collection":[{"href":"http:\/\/wordpress.einfach-katholisch.at\/index.php?rest_route=\/wp\/v2\/pages"}],"about":[{"href":"http:\/\/wordpress.einfach-katholisch.at\/index.php?rest_route=\/wp\/v2\/types\/page"}],"author":[{"embeddable":true,"href":"http:\/\/wordpress.einfach-katholisch.at\/index.php?rest_route=\/wp\/v2\/users\/1"}],"replies":[{"embeddable":true,"href":"http:\/\/wordpress.einfach-katholisch.at\/index.php?rest_route=%2Fwp%2Fv2%2Fcomments&post=201"}],"version-history":[{"count":1,"href":"http:\/\/wordpress.einfach-katholisch.at\/index.php?rest_route=\/wp\/v2\/pages\/201\/revisions"}],"predecessor-version":[{"id":202,"href":"http:\/\/wordpress.einfach-katholisch.at\/index.php?rest_route=\/wp\/v2\/pages\/201\/revisions\/202"}],"wp:attachment":[{"href":"http:\/\/wordpress.einfach-katholisch.at\/index.php?rest_route=%2Fwp%2Fv2%2Fmedia&parent=201"}],"curies":[{"name":"wp","href":"https:\/\/api.w.org\/{rel}","templated":true}]}}