{"id":194,"date":"2019-08-16T07:34:13","date_gmt":"2019-08-16T05:34:13","guid":{"rendered":"http:\/\/wordpress.einfach-katholisch.at\/?page_id=194"},"modified":"2019-08-23T13:13:18","modified_gmt":"2019-08-23T11:13:18","slug":"kritiken","status":"publish","type":"page","link":"http:\/\/wordpress.einfach-katholisch.at\/?page_id=194","title":{"rendered":"Kritiken"},"content":{"rendered":"\n<p class=\"has-small-font-size\">Hier finden Sie ausgew\u00e4hlte Kritiken zum Buch. \u201eAusgew\u00e4hlt\u201c, weil ich nat\u00fcrlich nur die aufnehmen kann, die mir zur Kenntnis kommen, und nur die positiven aufnehmen will. Negative versuche ich in die Corrigenda einzuarbeiten, ausser, sie werden untergriffig. Gibt es leider auch, seit ich das \u201eMemorandum\u201c unterzeichnet habe.<\/p>\n\n\n\n<p class=\"has-small-font-size\"><strong><a href=\"http:\/\/www.radiovaticana.org\/tedesco\/tedarchi\/2011\/Januar11\/ted02.01.11.htm\">Radio Vatikan, J\u00e4nner 2011:<\/a><\/strong><br>\u201eAnders das Werk \u201eEinfach katholisch. Was katholische Christen glauben und wie sie feiern\u201c des Grazer Fundamentaltheologen Christian Wessely. Die Themen sind dieselben wie im vorgenannten Buch, aber dieses liest sich fl\u00fcssig und auch ohne katholisches Vorwissen, was dem Autor gro\u00dfe Geschicklichkeit abfordert. Das Buch kommt von der praktischen Seite. Es erkl\u00e4rt beispielsweise anhand einer Tabelle, wie eine Kindstaufe abl\u00e4uft, woraufhin die einzelnen Elemente theologisch eingeordnet und erkl\u00e4rt werden. Die Fragen, die den einzelnen Abschnitten ihre Namen geben, sind kindhaft schlicht, wie: Warum feiern Christen Ostern? Die Antworten informieren pr\u00e4zise, konkret und dennoch keineswegs flach. Theodizee, Dreifaltigkeit oder Erbs\u00fcnde: Keine Klippe wird umschifft, sondern alles direkt angesteuert. Der Autor wirkt neben seiner theologischen Lehrt\u00e4tigkeit auch als st\u00e4ndiger Diakon. Seinem Buch ist der t\u00e4gliche Kontakt mit fragenden und suchenden Menschen wohltuend anzumerken.\u201c<\/p>\n\n\n\n<p class=\"has-small-font-size\"><a href=\"https:\/\/www.borromaeusverein.de\/medienprofile\/rezensionen\/9783702230951-einfach-katholisch\/\"><strong>Borrom\u00e4usverein<\/strong><\/a>:<br>&#8222;Zwei kritische Punkte gibt es \u00fcber das kompakt und lesbar verpackte Wissen \u00fcber die katholische Kirche dennoch anzumerken: Zum einen spart der Autor die Existenz der Reformkatholiken und ihre Ideen komplett aus (w\u00e4hrend er die orthodoxen Christen h\u00e4ufiger erw\u00e4hnt), zum anderen ist die Reihenfolge der Kapitel \u00fcberdenkenswert. Denn ohne den Glaubenshintergrund kommen dem eher kirchenfremden Leser die vielen \u00c4u\u00dferlichkeiten der ersten Kapitel wom\u00f6glich sehr fremd und aufgesetzt daher. Katholisch zu sein hei\u00dfe, sich daf\u00fcr zu entscheiden, eine Wirklichkeit namens &#8222;Gott&#8220; zu akzeptieren, schreibt Wessley am Ende. Damit aber f\u00e4ngt alles an. Ohne das verinnerlicht zu haben, bleibt andere hohl und leer. Trotzdem sehr empfehlenswert.&#8220;<\/p>\n\n\n\n<p class=\"has-small-font-size\"><strong><a href=\"http:\/\/www.amazon.de\/Einfach-katholisch-katholische-Wichtigste-Kirchen-Knigge\/dp\/3702230955\/ref=sr_1_1?ie=UTF8&amp;s=books&amp;qid=1295866800&amp;sr=8-1\">\u201eWalter V.\u201c auf amazon.de:<\/a><\/strong><br>[\u2026] Das Buch ist nicht nur f\u00fcr dem Christentum Fernstehende eine Fundquelle, sondern auch f\u00fcr Personen, die mit solchen Menschen arbeiten (zB f\u00fcr Religionslehrerinnen und Religionslehrern). Fazit: Ein sehr gutes Buch.<\/p>\n\n\n\n<p class=\"has-small-font-size\"><strong><a href=\"http:\/\/www.amazon.de\/Einfach-katholisch-katholische-Wichtigste-Kirchen-Knigge\/dp\/3702230955\/ref=sr_1_1?ie=UTF8&amp;s=books&amp;qid=1295866800&amp;sr=8-1\">\u201ecmh\u201c auf amazon.de:<\/a><\/strong><a href=\"http:\/\/www.amazon.de\/Einfach-katholisch-katholische-Wichtigste-Kirchen-Knigge\/dp\/3702230955\/ref=sr_1_1?ie=UTF8&amp;s=books&amp;qid=1295866800&amp;sr=8-1\"> <\/a><br>[\u2026] Das Buch strotzt nur so von Verweisen und Zitaten, die aber durch ein sinnvolles Layout den Text unterst\u00fctzen und strukturieren. Besonders hilfreich finde ich die Randbemerkungen und Notizen, die es auch erm\u00f6glichen innerhalb eines Kapitels einen Unterpunkt schnell zu finden.<br>[\u2026] Ein Buch das wirklich einem breitem Leserspektrum zu empfehlen ist, auch wenn nicht immer ganz klar ist, wen das Buch wirklich anspricht: Neulinge, Interessierte, Studierende oder auch den Praktizierenden.<\/p>\n\n\n\n<p class=\"has-small-font-size\"><strong><a href=\"http:\/\/askdavid.com\/rezensionen\/buch\/liturgie\/268\">Askdavid.com:<\/a><\/strong><br>F\u00fcr Menschen wie mich, die Kirche eher von aussen betrachten, ist das Buch eine gro\u00dfe Verst\u00e4ndnishilfe. Man liest, was &#8222;die Kirche lehrt&#8220; und merkt, dass der Autor (genauso wie man selbst) mit einigem nicht einverstanden ist &#8211; aber zumindest weiss man dann wenigstens, warum :o)<br>Und wenn ich das n\u00e4chstemal zu einer Taufe oder einer Verheiratung eingeladen bin, weiss ich jetzt genau, was ich tun muss &#8211; auch praktisch. Durch die \u00fcbersichtliche Gliederung und die kreative Gestaltung kann man auch immer wieder leicht was nachschlagen. Fazit: Ich bin froh, dass ich das Buch habe und werde es noch oft zur Hand nehmen.<\/p>\n","protected":false},"excerpt":{"rendered":"<p>Hier finden Sie ausgew\u00e4hlte Kritiken zum Buch. \u201eAusgew\u00e4hlt\u201c, weil ich nat\u00fcrlich nur die aufnehmen kann, die mir zur Kenntnis kommen, und nur die positiven aufnehmen will. Negative versuche ich in die Corrigenda einzuarbeiten, ausser, sie werden untergriffig. Gibt es leider auch, seit ich das \u201eMemorandum\u201c unterzeichnet habe. Radio Vatikan, J\u00e4nner 2011:\u201eAnders das Werk \u201eEinfach katholisch.&hellip; <a href=\"http:\/\/wordpress.einfach-katholisch.at\/?page_id=194\" class=\"more-link\">Weiterlesen <span class=\"screen-reader-text\">Kritiken<\/span><\/a><\/p>\n","protected":false},"author":1,"featured_media":0,"parent":0,"menu_order":0,"comment_status":"closed","ping_status":"closed","template":"","meta":[],"_links":{"self":[{"href":"http:\/\/wordpress.einfach-katholisch.at\/index.php?rest_route=\/wp\/v2\/pages\/194"}],"collection":[{"href":"http:\/\/wordpress.einfach-katholisch.at\/index.php?rest_route=\/wp\/v2\/pages"}],"about":[{"href":"http:\/\/wordpress.einfach-katholisch.at\/index.php?rest_route=\/wp\/v2\/types\/page"}],"author":[{"embeddable":true,"href":"http:\/\/wordpress.einfach-katholisch.at\/index.php?rest_route=\/wp\/v2\/users\/1"}],"replies":[{"embeddable":true,"href":"http:\/\/wordpress.einfach-katholisch.at\/index.php?rest_route=%2Fwp%2Fv2%2Fcomments&post=194"}],"version-history":[{"count":3,"href":"http:\/\/wordpress.einfach-katholisch.at\/index.php?rest_route=\/wp\/v2\/pages\/194\/revisions"}],"predecessor-version":[{"id":210,"href":"http:\/\/wordpress.einfach-katholisch.at\/index.php?rest_route=\/wp\/v2\/pages\/194\/revisions\/210"}],"wp:attachment":[{"href":"http:\/\/wordpress.einfach-katholisch.at\/index.php?rest_route=%2Fwp%2Fv2%2Fmedia&parent=194"}],"curies":[{"name":"wp","href":"https:\/\/api.w.org\/{rel}","templated":true}]}}