{"id":125,"date":"2019-08-09T14:44:03","date_gmt":"2019-08-09T12:44:03","guid":{"rendered":"http:\/\/wordpress.einfach-katholisch.at\/?page_id=125"},"modified":"2019-09-06T07:23:40","modified_gmt":"2019-09-06T05:23:40","slug":"oha","status":"publish","type":"page","link":"http:\/\/wordpress.einfach-katholisch.at\/?page_id=125","title":{"rendered":"Oha &#8230;"},"content":{"rendered":"\n<p>Corrigenada zur ersten Auflage: Fehler, die nicht passieren sollten<\/p>\n\n\n\n<p class=\"has-small-font-size\">S. 28 letzter Absatz, zweiter Satz muss lauten: <em>Nachdem nun aber weder die Kirche noch die Gesellschaft in ihrer jetzigen Form Ideale sind, sondern auf diese zustreben, entspricht die Praxis dieser Theorie nicht v\u00f6llig &#8211; die Kirche ist zur Heiligkeit berufen [\u2026]<\/em><\/p>\n\n\n\n<p class=\"has-small-font-size\">S. 49 zweiter Absatz, erster Satz muss lauten:<em> Jugendliche, die getauft sind und die Erstkommunion empfangen haben, k\u00f6nnen fortan als Ministratinnen und Ministranten Dienst tun.<\/em> Um das \u201efortan\u201c zu verdeutlichen w\u00e4re sinnvoll einzuf\u00fcgen: Dies gilt nat\u00fcrlich auch f\u00fcr Erwachsene, auch wenn sie wesentlich seltener als Minis in Erscheinung treten.  <\/p>\n\n\n\n<p class=\"has-small-font-size\">S. 78: F\u00fcr erhebliche Verstimmung hat die scherzhafte Anmerkung gesorgt, dass ich \u201e<em>\u2026nur ca. 100 Handauflegungen von Petrus entfernt\u2026\u201c<\/em> w\u00e4re. Meine Rechnung dabei war folgende: Von Petrus trennen uns ca. 1.950 Jahre. Wenn man eine Generation mit durchschnittlich 20 Jahren annimmt und die Kontinuit\u00e4t der apostolischen Sukzession im Weiheamt ernst nimmt, kommt man damit auf etwa 100 Generationen von geweihten Amtstr\u00e4gern, die ihre jeweils vom Vorg\u00e4nger durch Handauflegung und Weihegebet empfangene Ordination weitergegeben haben. Die erste dieser Handlungen wird lt. Apg 6,6 beschrieben. Freilich sind Aussagen wie diese bei mir mit einem Augenzwinkern zu lesen, zumal man selbstverst\u00e4ndlich die apostolische Sukzession nicht wie ein Rechenexempel betrachten darf. Dessen bin ich mir bewusst &#8211; schade, dass das im Text nicht ausreichend deutlich wird. In der n\u00e4chsten Auflage werde ich an jeder entsprechenden Stelle einen \u201eSmilie\u201c :o) platzieren. <\/p>\n\n\n\n<p class=\"has-small-font-size\">S. 108, vorletzter Absatz, 3. Zeile: Der Verweis auf Mt 26,39 ist aus Versehen in den Haupttext gerutscht &#8211; der m\u00fcsste als Randverweis links aussen eine Zeile h\u00f6her stehen (er verweist auf den betenden Jesus angesichts des drohenden Leidensweges).<\/p>\n\n\n\n<p class=\"has-small-font-size\">S. 152 oben, Kasten, Abs. 2: Der ganze Kasten bezieht sich auf den Reinkarnationsgedanken. So ist auch der Satz in der Zeile 6 zu lesen: <em>&#8222;Aber ein Gott, der den Menschen als prinzipiell s\u00fcndhaft und zugleich &#8218;karmabeladen&#8216; zul\u00e4sst \u2026&#8220;<\/em><\/p>\n\n\n\n<p class=\"has-small-font-size\">Auf S. 180 habe ich behauptet: \u201e<em>Der Papst wird als einziges Amt in der katholischen Kirche gew\u00e4hlt\u2026<\/em>\u201c Das ist zu pr\u00e4zisieren: Gew\u00e4hlt werden auch andere Funktions\u00e4mter (Ordensobere oder Dechanten), sie sind aber jeweils f\u00fcr einen geschlossenen Kreis (Orden, Dekanatskleriker usw.) zust\u00e4ndig. Das einzige universal verbindliche und gew\u00e4hlte Amt ist tats\u00e4chlich der Papst.<\/p>\n\n\n\n<p class=\"has-small-font-size\">S. 182, Absatz \u201eKapl\u00e4ne\u201c: Der letzte Satz ist zu lesen: <em>Mitunter helfen auch pensionierte Priester, ja sogar Bisch\u00f6fe, in Pfarren als \u201eKapl\u00e4ne\u201c aus<\/em> &#8211; so hat zumindest Altbischof Johann Weber seine pfarrliche T\u00e4tigkeit halb scherzhaft kommentiert. Ich danke Dompropst und Bischofsvikar Dr. Schnuderl f\u00fcr diesen Hinweis!<\/p>\n","protected":false},"excerpt":{"rendered":"<p>Corrigenada zur ersten Auflage: Fehler, die nicht passieren sollten S. 28 letzter Absatz, zweiter Satz muss lauten: Nachdem nun aber weder die Kirche noch die Gesellschaft in ihrer jetzigen Form Ideale sind, sondern auf diese zustreben, entspricht die Praxis dieser Theorie nicht v\u00f6llig &#8211; die Kirche ist zur Heiligkeit berufen [\u2026] S. 49 zweiter Absatz,&hellip; <a href=\"http:\/\/wordpress.einfach-katholisch.at\/?page_id=125\" class=\"more-link\">Weiterlesen <span class=\"screen-reader-text\">Oha &#8230;<\/span><\/a><\/p>\n","protected":false},"author":1,"featured_media":0,"parent":0,"menu_order":0,"comment_status":"closed","ping_status":"closed","template":"","meta":[],"_links":{"self":[{"href":"http:\/\/wordpress.einfach-katholisch.at\/index.php?rest_route=\/wp\/v2\/pages\/125"}],"collection":[{"href":"http:\/\/wordpress.einfach-katholisch.at\/index.php?rest_route=\/wp\/v2\/pages"}],"about":[{"href":"http:\/\/wordpress.einfach-katholisch.at\/index.php?rest_route=\/wp\/v2\/types\/page"}],"author":[{"embeddable":true,"href":"http:\/\/wordpress.einfach-katholisch.at\/index.php?rest_route=\/wp\/v2\/users\/1"}],"replies":[{"embeddable":true,"href":"http:\/\/wordpress.einfach-katholisch.at\/index.php?rest_route=%2Fwp%2Fv2%2Fcomments&post=125"}],"version-history":[{"count":2,"href":"http:\/\/wordpress.einfach-katholisch.at\/index.php?rest_route=\/wp\/v2\/pages\/125\/revisions"}],"predecessor-version":[{"id":218,"href":"http:\/\/wordpress.einfach-katholisch.at\/index.php?rest_route=\/wp\/v2\/pages\/125\/revisions\/218"}],"wp:attachment":[{"href":"http:\/\/wordpress.einfach-katholisch.at\/index.php?rest_route=%2Fwp%2Fv2%2Fmedia&parent=125"}],"curies":[{"name":"wp","href":"https:\/\/api.w.org\/{rel}","templated":true}]}}